{"id":3495,"date":"2022-12-30T14:17:37","date_gmt":"2022-12-30T12:17:37","guid":{"rendered":"https:\/\/mindtemp.com\/sustainable-health\/"},"modified":"2024-02-21T14:12:05","modified_gmt":"2024-02-21T12:12:05","slug":"sustainable-health","status":"publish","type":"page","link":"https:\/\/mindtemp.com\/en\/sustainable-health\/","title":{"rendered":"Sustainable Health"},"content":{"rendered":"\t\t<div data-elementor-type=\"wp-page\" data-elementor-id=\"3495\" class=\"elementor elementor-3495 elementor-151\" data-elementor-post-type=\"page\">\n\t\t\t\t\t\t<section class=\"elementor-section elementor-top-section elementor-element elementor-element-54c9821 elementor-section-content-top elementor-reverse-mobile elementor-section-boxed elementor-section-height-default elementor-section-height-default\" data-id=\"54c9821\" data-element_type=\"section\" data-e-type=\"section\" data-settings=\"{&quot;background_background&quot;:&quot;classic&quot;}\">\n\t\t\t\t\t\t<div class=\"elementor-container elementor-column-gap-default\">\n\t\t\t\t\t<div class=\"elementor-column elementor-col-50 elementor-top-column elementor-element elementor-element-3339428 animated-slow elementor-invisible\" data-id=\"3339428\" data-element_type=\"column\" data-e-type=\"column\" data-settings=\"{&quot;animation&quot;:&quot;fadeInRight&quot;,&quot;animation_delay&quot;:100}\">\n\t\t\t<div class=\"elementor-widget-wrap elementor-element-populated\">\n\t\t\t\t\t\t<div class=\"elementor-element elementor-element-827e45c elementor-widget elementor-widget-image\" data-id=\"827e45c\" data-element_type=\"widget\" data-e-type=\"widget\" data-widget_type=\"image.default\">\n\t\t\t\t<div class=\"elementor-widget-container\">\n\t\t\t\t\t\t\t\t\t\t\t\t\t\t\t<img fetchpriority=\"high\" decoding=\"async\" width=\"800\" height=\"800\" src=\"https:\/\/mindtemp.com\/wp-content\/uploads\/2023\/01\/halsao-1024x1024.jpg\" class=\"attachment-large size-large wp-image-1355\" alt=\"bild som visar tre generationer av en familj\" srcset=\"https:\/\/mindtemp.com\/wp-content\/uploads\/2023\/01\/halsao-1024x1024.jpg 1024w, https:\/\/mindtemp.com\/wp-content\/uploads\/2023\/01\/halsao-300x300.jpg 300w, https:\/\/mindtemp.com\/wp-content\/uploads\/2023\/01\/halsao-150x150.jpg 150w, https:\/\/mindtemp.com\/wp-content\/uploads\/2023\/01\/halsao-768x768.jpg 768w, https:\/\/mindtemp.com\/wp-content\/uploads\/2023\/01\/halsao.jpg 1163w\" sizes=\"(max-width: 800px) 100vw, 800px\" \/>\t\t\t\t\t\t\t\t\t\t\t\t\t\t\t<\/div>\n\t\t\t\t<\/div>\n\t\t\t\t\t<\/div>\n\t\t<\/div>\n\t\t\t\t<div class=\"elementor-column elementor-col-50 elementor-top-column elementor-element elementor-element-8372c66\" data-id=\"8372c66\" data-element_type=\"column\" data-e-type=\"column\">\n\t\t\t<div class=\"elementor-widget-wrap elementor-element-populated\">\n\t\t\t\t\t\t<div class=\"elementor-element elementor-element-5ca2b6b elementor-widget elementor-widget-heading\" data-id=\"5ca2b6b\" data-element_type=\"widget\" data-e-type=\"widget\" data-widget_type=\"heading.default\">\n\t\t\t\t<div class=\"elementor-widget-container\">\n\t\t\t\t\t<h1 class=\"elementor-heading-title elementor-size-default\">Sustainable Health<\/h1>\t\t\t\t<\/div>\n\t\t\t\t<\/div>\n\t\t\t\t<div class=\"elementor-element elementor-element-2e462de elementor-widget-divider--view-line elementor-widget elementor-widget-divider\" data-id=\"2e462de\" data-element_type=\"widget\" data-e-type=\"widget\" data-widget_type=\"divider.default\">\n\t\t\t\t<div class=\"elementor-widget-container\">\n\t\t\t\t\t\t\t<div class=\"elementor-divider\">\n\t\t\t<span class=\"elementor-divider-separator\">\n\t\t\t\t\t\t<\/span>\n\t\t<\/div>\n\t\t\t\t\t\t<\/div>\n\t\t\t\t<\/div>\n\t\t\t\t\t<\/div>\n\t\t<\/div>\n\t\t\t\t\t<\/div>\n\t\t<\/section>\n\t\t\t\t<section class=\"elementor-section elementor-top-section elementor-element elementor-element-e8648d3 elementor-section-boxed elementor-section-height-default elementor-section-height-default\" data-id=\"e8648d3\" data-element_type=\"section\" data-e-type=\"section\" data-settings=\"{&quot;background_background&quot;:&quot;classic&quot;}\">\n\t\t\t\t\t\t<div class=\"elementor-container elementor-column-gap-default\">\n\t\t\t\t\t<div class=\"elementor-column elementor-col-100 elementor-top-column elementor-element elementor-element-b512d05\" data-id=\"b512d05\" data-element_type=\"column\" data-e-type=\"column\">\n\t\t\t<div class=\"elementor-widget-wrap elementor-element-populated\">\n\t\t\t\t\t\t<div class=\"elementor-element elementor-element-05029f1 elementor-align-left elementor-widget elementor-widget-button\" data-id=\"05029f1\" data-element_type=\"widget\" data-e-type=\"widget\" data-widget_type=\"button.default\">\n\t\t\t\t<div class=\"elementor-widget-container\">\n\t\t\t\t\t\t\t\t\t<div class=\"elementor-button-wrapper\">\n\t\t\t\t\t<a class=\"elementor-button elementor-button-link elementor-size-sm\" href=\"https:\/\/mindtemp.com\/en\/glossary\/\">\n\t\t\t\t\t\t<span class=\"elementor-button-content-wrapper\">\n\t\t\t\t\t\t\t\t\t<span class=\"elementor-button-text\">Back to glossary<\/span>\n\t\t\t\t\t<\/span>\n\t\t\t\t\t<\/a>\n\t\t\t\t<\/div>\n\t\t\t\t\t\t\t\t<\/div>\n\t\t\t\t<\/div>\n\t\t\t\t<section class=\"elementor-section elementor-inner-section elementor-element elementor-element-cd475c8 elementor-section-full_width elementor-reverse-mobile elementor-section-height-default elementor-section-height-default\" data-id=\"cd475c8\" data-element_type=\"section\" data-e-type=\"section\">\n\t\t\t\t\t\t<div class=\"elementor-container elementor-column-gap-default\">\n\t\t\t\t\t<div class=\"elementor-column elementor-col-50 elementor-inner-column elementor-element elementor-element-092e282 elementor-invisible\" data-id=\"092e282\" data-element_type=\"column\" data-e-type=\"column\" data-settings=\"{&quot;background_background&quot;:&quot;classic&quot;,&quot;animation&quot;:&quot;slideInLeft&quot;}\">\n\t\t\t<div class=\"elementor-widget-wrap elementor-element-populated\">\n\t\t\t\t\t\t<div class=\"elementor-element elementor-element-59244d3 elementor-widget__width-initial elementor-widget elementor-widget-heading\" data-id=\"59244d3\" data-element_type=\"widget\" data-e-type=\"widget\" data-widget_type=\"heading.default\">\n\t\t\t\t<div class=\"elementor-widget-container\">\n\t\t\t\t\t<span class=\"elementor-heading-title elementor-size-default\"><span style=\"color:#F95E01\">Make an effort<\/span> to achieve sustainable development<\/span>\t\t\t\t<\/div>\n\t\t\t\t<\/div>\n\t\t\t\t<div class=\"elementor-element elementor-element-c041612 elementor-align-center elementor-widget elementor-widget-button\" data-id=\"c041612\" data-element_type=\"widget\" data-e-type=\"widget\" data-widget_type=\"button.default\">\n\t\t\t\t<div class=\"elementor-widget-container\">\n\t\t\t\t\t\t\t\t\t<div class=\"elementor-button-wrapper\">\n\t\t\t\t\t<a class=\"elementor-button elementor-button-link elementor-size-sm\" href=\"https:\/\/mindtemp.com\/foretag\/medarbetarundersokning\/\" id=\"CTA_hallbar_halsa\">\n\t\t\t\t\t\t<span class=\"elementor-button-content-wrapper\">\n\t\t\t\t\t\t\t\t\t<span class=\"elementor-button-text\">Start here<\/span>\n\t\t\t\t\t<\/span>\n\t\t\t\t\t<\/a>\n\t\t\t\t<\/div>\n\t\t\t\t\t\t\t\t<\/div>\n\t\t\t\t<\/div>\n\t\t\t\t\t<\/div>\n\t\t<\/div>\n\t\t\t\t<div class=\"elementor-column elementor-col-50 elementor-inner-column elementor-element elementor-element-123ddd1\" data-id=\"123ddd1\" data-element_type=\"column\" data-e-type=\"column\">\n\t\t\t<div class=\"elementor-widget-wrap elementor-element-populated\">\n\t\t\t\t\t\t<div class=\"elementor-element elementor-element-a22afdd elementor-widget__width-initial elementor-widget elementor-widget-heading\" data-id=\"a22afdd\" data-element_type=\"widget\" data-e-type=\"widget\" data-widget_type=\"heading.default\">\n\t\t\t\t<div class=\"elementor-widget-container\">\n\t\t\t\t\t<h2 class=\"elementor-heading-title elementor-size-default\">What is <span style=\"color:#F95E01\">sustainable health?<\/span><\/h2>\t\t\t\t<\/div>\n\t\t\t\t<\/div>\n\t\t\t\t<div class=\"elementor-element elementor-element-a63f0de elementor-widget elementor-widget-text-editor\" data-id=\"a63f0de\" data-element_type=\"widget\" data-e-type=\"widget\" data-widget_type=\"text-editor.default\">\n\t\t\t\t<div class=\"elementor-widget-container\">\n\t\t\t\t\t\t\t\t\t<p>Sustainable health means that both your body and mind (brain) are feeling good, but also the relationship between yourself and the environment. Mindtemp helps you in twelve areas that have been shown to have the greatest impact on your psychosocial health. We support you with self-reflection, nudging, and analysis based on your responses.<\/p>\n<p>Mindtemp also supports the United Nations Sustainable Development Goals (SDGs) Where we contribute to creating better health for everyone.<\/p>\n\t\t\t\t\t\t\t\t<\/div>\n\t\t\t\t<\/div>\n\t\t\t\t\t<\/div>\n\t\t<\/div>\n\t\t\t\t\t<\/div>\n\t\t<\/section>\n\t\t\t\t<section class=\"elementor-section elementor-inner-section elementor-element elementor-element-bf6f081 elementor-reverse-mobile elementor-section-boxed elementor-section-height-default elementor-section-height-default\" data-id=\"bf6f081\" data-element_type=\"section\" data-e-type=\"section\">\n\t\t\t\t\t\t<div class=\"elementor-container elementor-column-gap-default\">\n\t\t\t\t\t<div class=\"elementor-column elementor-col-50 elementor-inner-column elementor-element elementor-element-c3ff69c\" data-id=\"c3ff69c\" data-element_type=\"column\" data-e-type=\"column\">\n\t\t\t<div class=\"elementor-widget-wrap elementor-element-populated\">\n\t\t\t\t\t\t<div class=\"elementor-element elementor-element-498b326 elementor-widget elementor-widget-heading\" data-id=\"498b326\" data-element_type=\"widget\" data-e-type=\"widget\" data-widget_type=\"heading.default\">\n\t\t\t\t<div class=\"elementor-widget-container\">\n\t\t\t\t\t<h2 class=\"elementor-heading-title elementor-size-default\"><span style=\"color:#F95E01;font-size:140%\">How<\/span> to achieve sustainable health?<\/h2>\t\t\t\t<\/div>\n\t\t\t\t<\/div>\n\t\t\t\t<div class=\"elementor-element elementor-element-7768b8a elementor-widget elementor-widget-text-editor\" data-id=\"7768b8a\" data-element_type=\"widget\" data-e-type=\"widget\" data-widget_type=\"text-editor.default\">\n\t\t\t\t<div class=\"elementor-widget-container\">\n\t\t\t\t\t\t\t\t\t<p>To achieve sustainable health, one must reflect on their current actions to prevent, preserve, and establish a good physical and mental condition. Mindtemp measures twelve categories that, according to positive psychology, are indicators of health and well-being.<\/p>\n<p><strong>Sleep and rest:<\/strong> Getting proper sleep and rest reloads your energy and is crucial for memory processing. Sleeping well and resting properly lead to better focus, improved performance, and overall better health and well-being. <\/p>\n<p><strong>Work and colleagues:<\/strong> The workplace involves several aspects, including socializing with colleagues, physical activity, taking breaks, and exercising leadership. A good workplace contributes to security and well-being for employees. D\u00e4rf\u00f6r kan en bra arbetsplats bidra med trygghet och d\u00e4rmed v\u00e4lm\u00e5ende f\u00f6r sina medarbetare.  We break down work into five subcategories, as you can see in the app.<\/p>\n<p><strong>Physical activity:<\/strong> Numerous studies suggest that physical activity is more effective than medication for depression. Additionally, it helps counteract stress, promotes creativity, enhances focus, and improves overall performance. <\/p>\n<p><strong>Motivation:<\/strong> Maintaining high motivation leads to taking on more challenges, achieving success, and feeling good. Lack of motivation, on the other hand, is a strong cause of stress. <\/p>\n<p><strong>Mental energy:<\/strong> Mental energy is an indicator of well-being. High mental energy is crucial for optimal functioning in the world. <\/p>\n<p><strong>Wellness:<\/strong> Wellness generates joy and success, but most importantly, it serves as an effective protection against stress.<\/p>\n<p><strong>Emotional ability:<\/strong> Emotional ability involves understanding oneself and optimizing how one reacts to the environment. Good emotional ability leads to better decision-making and relationships. <\/p>\n<p><strong>Friends and family:<\/strong> Support from loved ones creates a buffer against stress and boosts well-being.<\/p>\n<p>Based on an analysis of these eight aspects, Mindtemp provides customized tips to improve your health in a sustainable way.<\/p>\t\t\t\t\t\t\t\t<\/div>\n\t\t\t\t<\/div>\n\t\t\t\t\t<\/div>\n\t\t<\/div>\n\t\t\t\t<div class=\"elementor-column elementor-col-50 elementor-inner-column elementor-element elementor-element-8fc983d elementor-invisible\" data-id=\"8fc983d\" data-element_type=\"column\" data-e-type=\"column\" data-settings=\"{&quot;animation&quot;:&quot;slideInRight&quot;}\">\n\t\t\t<div class=\"elementor-widget-wrap elementor-element-populated\">\n\t\t\t\t\t\t<div class=\"elementor-element elementor-element-3e1f133 elementor-widget elementor-widget-image\" data-id=\"3e1f133\" data-element_type=\"widget\" data-e-type=\"widget\" data-widget_type=\"image.default\">\n\t\t\t\t<div class=\"elementor-widget-container\">\n\t\t\t\t\t\t\t\t\t\t\t\t\t\t\t<img decoding=\"async\" width=\"510\" height=\"1024\" src=\"https:\/\/mindtemp.com\/wp-content\/uploads\/2024\/01\/mockup-mall-balance-510x1024.png\" class=\"attachment-large size-large wp-image-5634\" alt=\"\" srcset=\"https:\/\/mindtemp.com\/wp-content\/uploads\/2024\/01\/mockup-mall-balance-510x1024.png 510w, https:\/\/mindtemp.com\/wp-content\/uploads\/2024\/01\/mockup-mall-balance-149x300.png 149w, https:\/\/mindtemp.com\/wp-content\/uploads\/2024\/01\/mockup-mall-balance-768x1541.png 768w, https:\/\/mindtemp.com\/wp-content\/uploads\/2024\/01\/mockup-mall-balance-765x1536.png 765w, https:\/\/mindtemp.com\/wp-content\/uploads\/2024\/01\/mockup-mall-balance-1020x2048.png 1020w\" sizes=\"(max-width: 510px) 100vw, 510px\" \/>\t\t\t\t\t\t\t\t\t\t\t\t\t\t\t<\/div>\n\t\t\t\t<\/div>\n\t\t\t\t\t<\/div>\n\t\t<\/div>\n\t\t\t\t\t<\/div>\n\t\t<\/section>\n\t\t\t\t\t<\/div>\n\t\t<\/div>\n\t\t\t\t\t<\/div>\n\t\t<\/section>\n\t\t\t\t<\/div>\n\t\t","protected":false},"excerpt":{"rendered":"<p>Sustainable Health Back to glossary Make an effort to achieve sustainable development Start here What is sustainable health? Sustainable health means that both your body and mind (brain) are feeling good, but also the relationship between yourself and the environment. Mindtemp helps you in twelve areas that have been shown to have the greatest impact [&hellip;]<\/p>\n","protected":false},"author":1,"featured_media":3187,"parent":0,"menu_order":0,"comment_status":"closed","ping_status":"closed","template":"","meta":{"_acf_changed":false,"content-type":"","footnotes":""},"class_list":["post-3495","page","type-page","status-publish","has-post-thumbnail","hentry"],"acf":[],"yoast_head":"<!-- This site is optimized with the Yoast SEO plugin v27.3 - https:\/\/yoast.com\/product\/yoast-seo-wordpress\/ -->\n<title>Sustainable health | Mindtemp<\/title>\n<meta name=\"description\" content=\"Sustainable health is a central concept for Mindtemp, which means taking care of one&#039;s own body while also taking care of others.\" \/>\n<meta name=\"robots\" content=\"index, follow, max-snippet:-1, max-image-preview:large, max-video-preview:-1\" \/>\n<link rel=\"canonical\" href=\"https:\/\/mindtemp.com\/en\/sustainable-health\/\" \/>\n<meta property=\"og:locale\" content=\"en_US\" \/>\n<meta property=\"og:type\" content=\"article\" \/>\n<meta property=\"og:title\" content=\"Sustainable health | Mindtemp\" \/>\n<meta property=\"og:description\" content=\"Sustainable health is a central concept for Mindtemp, which means taking care of one&#039;s own body while also taking care of others.\" \/>\n<meta property=\"og:url\" content=\"https:\/\/mindtemp.com\/en\/sustainable-health\/\" \/>\n<meta property=\"og:site_name\" content=\"Mindtemp\" \/>\n<meta property=\"article:modified_time\" content=\"2024-02-21T12:12:05+00:00\" \/>\n<meta property=\"og:image\" content=\"https:\/\/mindtemp.com\/wp-content\/uploads\/2023\/01\/halsao.jpg\" \/>\n\t<meta property=\"og:image:width\" content=\"1163\" \/>\n\t<meta property=\"og:image:height\" content=\"1163\" \/>\n\t<meta property=\"og:image:type\" content=\"image\/jpeg\" \/>\n<meta name=\"twitter:card\" content=\"summary_large_image\" \/>\n<meta name=\"twitter:label1\" content=\"Est. reading time\" \/>\n\t<meta name=\"twitter:data1\" content=\"3 minutes\" \/>\n<script type=\"application\/ld+json\" class=\"yoast-schema-graph\">{\"@context\":\"https:\\\/\\\/schema.org\",\"@graph\":[{\"@type\":\"WebPage\",\"@id\":\"https:\\\/\\\/mindtemp.com\\\/en\\\/sustainable-health\\\/\",\"url\":\"https:\\\/\\\/mindtemp.com\\\/en\\\/sustainable-health\\\/\",\"name\":\"Sustainable health | Mindtemp\",\"isPartOf\":{\"@id\":\"https:\\\/\\\/mindtemp.com\\\/en\\\/#website\"},\"primaryImageOfPage\":{\"@id\":\"https:\\\/\\\/mindtemp.com\\\/en\\\/sustainable-health\\\/#primaryimage\"},\"image\":{\"@id\":\"https:\\\/\\\/mindtemp.com\\\/en\\\/sustainable-health\\\/#primaryimage\"},\"thumbnailUrl\":\"https:\\\/\\\/mindtemp.com\\\/wp-content\\\/uploads\\\/2023\\\/01\\\/halsao.jpg\",\"datePublished\":\"2022-12-30T12:17:37+00:00\",\"dateModified\":\"2024-02-21T12:12:05+00:00\",\"description\":\"Sustainable health is a central concept for Mindtemp, which means taking care of one's own body while also taking care of others.\",\"breadcrumb\":{\"@id\":\"https:\\\/\\\/mindtemp.com\\\/en\\\/sustainable-health\\\/#breadcrumb\"},\"inLanguage\":\"en-US\",\"potentialAction\":[{\"@type\":\"ReadAction\",\"target\":[\"https:\\\/\\\/mindtemp.com\\\/en\\\/sustainable-health\\\/\"]}]},{\"@type\":\"ImageObject\",\"inLanguage\":\"en-US\",\"@id\":\"https:\\\/\\\/mindtemp.com\\\/en\\\/sustainable-health\\\/#primaryimage\",\"url\":\"https:\\\/\\\/mindtemp.com\\\/wp-content\\\/uploads\\\/2023\\\/01\\\/halsao.jpg\",\"contentUrl\":\"https:\\\/\\\/mindtemp.com\\\/wp-content\\\/uploads\\\/2023\\\/01\\\/halsao.jpg\",\"width\":1163,\"height\":1163,\"caption\":\"tre generationer av en familj\"},{\"@type\":\"BreadcrumbList\",\"@id\":\"https:\\\/\\\/mindtemp.com\\\/en\\\/sustainable-health\\\/#breadcrumb\",\"itemListElement\":[{\"@type\":\"ListItem\",\"position\":1,\"name\":\"Home\",\"item\":\"https:\\\/\\\/mindtemp.com\\\/en\\\/\"},{\"@type\":\"ListItem\",\"position\":2,\"name\":\"Sustainable Health\"}]},{\"@type\":\"WebSite\",\"@id\":\"https:\\\/\\\/mindtemp.com\\\/en\\\/#website\",\"url\":\"https:\\\/\\\/mindtemp.com\\\/en\\\/\",\"name\":\"Mindtemp\",\"description\":\"Mindtemp is a digital coach, creating health and productivity\",\"publisher\":{\"@id\":\"https:\\\/\\\/mindtemp.com\\\/en\\\/#organization\"},\"potentialAction\":[{\"@type\":\"SearchAction\",\"target\":{\"@type\":\"EntryPoint\",\"urlTemplate\":\"https:\\\/\\\/mindtemp.com\\\/en\\\/?s={search_term_string}\"},\"query-input\":{\"@type\":\"PropertyValueSpecification\",\"valueRequired\":true,\"valueName\":\"search_term_string\"}}],\"inLanguage\":\"en-US\"},{\"@type\":\"Organization\",\"@id\":\"https:\\\/\\\/mindtemp.com\\\/en\\\/#organization\",\"name\":\"Mindtemp\",\"url\":\"https:\\\/\\\/mindtemp.com\\\/en\\\/\",\"logo\":{\"@type\":\"ImageObject\",\"inLanguage\":\"en-US\",\"@id\":\"https:\\\/\\\/mindtemp.com\\\/en\\\/#\\\/schema\\\/logo\\\/image\\\/\",\"url\":\"https:\\\/\\\/mindtemp.com\\\/wp-content\\\/uploads\\\/2022\\\/12\\\/Mindtemp.svg\",\"contentUrl\":\"https:\\\/\\\/mindtemp.com\\\/wp-content\\\/uploads\\\/2022\\\/12\\\/Mindtemp.svg\",\"width\":100,\"height\":100,\"caption\":\"Mindtemp\"},\"image\":{\"@id\":\"https:\\\/\\\/mindtemp.com\\\/en\\\/#\\\/schema\\\/logo\\\/image\\\/\"}}]}<\/script>\n<!-- \/ Yoast SEO plugin. -->","yoast_head_json":{"title":"Sustainable health | Mindtemp","description":"Sustainable health is a central concept for Mindtemp, which means taking care of one's own body while also taking care of others.","robots":{"index":"index","follow":"follow","max-snippet":"max-snippet:-1","max-image-preview":"max-image-preview:large","max-video-preview":"max-video-preview:-1"},"canonical":"https:\/\/mindtemp.com\/en\/sustainable-health\/","og_locale":"en_US","og_type":"article","og_title":"Sustainable health | Mindtemp","og_description":"Sustainable health is a central concept for Mindtemp, which means taking care of one's own body while also taking care of others.","og_url":"https:\/\/mindtemp.com\/en\/sustainable-health\/","og_site_name":"Mindtemp","article_modified_time":"2024-02-21T12:12:05+00:00","og_image":[{"width":1163,"height":1163,"url":"https:\/\/mindtemp.com\/wp-content\/uploads\/2023\/01\/halsao.jpg","type":"image\/jpeg"}],"twitter_card":"summary_large_image","twitter_misc":{"Est. reading time":"3 minutes"},"schema":{"@context":"https:\/\/schema.org","@graph":[{"@type":"WebPage","@id":"https:\/\/mindtemp.com\/en\/sustainable-health\/","url":"https:\/\/mindtemp.com\/en\/sustainable-health\/","name":"Sustainable health | Mindtemp","isPartOf":{"@id":"https:\/\/mindtemp.com\/en\/#website"},"primaryImageOfPage":{"@id":"https:\/\/mindtemp.com\/en\/sustainable-health\/#primaryimage"},"image":{"@id":"https:\/\/mindtemp.com\/en\/sustainable-health\/#primaryimage"},"thumbnailUrl":"https:\/\/mindtemp.com\/wp-content\/uploads\/2023\/01\/halsao.jpg","datePublished":"2022-12-30T12:17:37+00:00","dateModified":"2024-02-21T12:12:05+00:00","description":"Sustainable health is a central concept for Mindtemp, which means taking care of one's own body while also taking care of others.","breadcrumb":{"@id":"https:\/\/mindtemp.com\/en\/sustainable-health\/#breadcrumb"},"inLanguage":"en-US","potentialAction":[{"@type":"ReadAction","target":["https:\/\/mindtemp.com\/en\/sustainable-health\/"]}]},{"@type":"ImageObject","inLanguage":"en-US","@id":"https:\/\/mindtemp.com\/en\/sustainable-health\/#primaryimage","url":"https:\/\/mindtemp.com\/wp-content\/uploads\/2023\/01\/halsao.jpg","contentUrl":"https:\/\/mindtemp.com\/wp-content\/uploads\/2023\/01\/halsao.jpg","width":1163,"height":1163,"caption":"tre generationer av en familj"},{"@type":"BreadcrumbList","@id":"https:\/\/mindtemp.com\/en\/sustainable-health\/#breadcrumb","itemListElement":[{"@type":"ListItem","position":1,"name":"Home","item":"https:\/\/mindtemp.com\/en\/"},{"@type":"ListItem","position":2,"name":"Sustainable Health"}]},{"@type":"WebSite","@id":"https:\/\/mindtemp.com\/en\/#website","url":"https:\/\/mindtemp.com\/en\/","name":"Mindtemp","description":"Mindtemp is a digital coach, creating health and productivity","publisher":{"@id":"https:\/\/mindtemp.com\/en\/#organization"},"potentialAction":[{"@type":"SearchAction","target":{"@type":"EntryPoint","urlTemplate":"https:\/\/mindtemp.com\/en\/?s={search_term_string}"},"query-input":{"@type":"PropertyValueSpecification","valueRequired":true,"valueName":"search_term_string"}}],"inLanguage":"en-US"},{"@type":"Organization","@id":"https:\/\/mindtemp.com\/en\/#organization","name":"Mindtemp","url":"https:\/\/mindtemp.com\/en\/","logo":{"@type":"ImageObject","inLanguage":"en-US","@id":"https:\/\/mindtemp.com\/en\/#\/schema\/logo\/image\/","url":"https:\/\/mindtemp.com\/wp-content\/uploads\/2022\/12\/Mindtemp.svg","contentUrl":"https:\/\/mindtemp.com\/wp-content\/uploads\/2022\/12\/Mindtemp.svg","width":100,"height":100,"caption":"Mindtemp"},"image":{"@id":"https:\/\/mindtemp.com\/en\/#\/schema\/logo\/image\/"}}]}},"_links":{"self":[{"href":"https:\/\/mindtemp.com\/en\/wp-json\/wp\/v2\/pages\/3495","targetHints":{"allow":["GET"]}}],"collection":[{"href":"https:\/\/mindtemp.com\/en\/wp-json\/wp\/v2\/pages"}],"about":[{"href":"https:\/\/mindtemp.com\/en\/wp-json\/wp\/v2\/types\/page"}],"author":[{"embeddable":true,"href":"https:\/\/mindtemp.com\/en\/wp-json\/wp\/v2\/users\/1"}],"replies":[{"embeddable":true,"href":"https:\/\/mindtemp.com\/en\/wp-json\/wp\/v2\/comments?post=3495"}],"version-history":[{"count":12,"href":"https:\/\/mindtemp.com\/en\/wp-json\/wp\/v2\/pages\/3495\/revisions"}],"predecessor-version":[{"id":5897,"href":"https:\/\/mindtemp.com\/en\/wp-json\/wp\/v2\/pages\/3495\/revisions\/5897"}],"wp:featuredmedia":[{"embeddable":true,"href":"https:\/\/mindtemp.com\/en\/wp-json\/wp\/v2\/media\/3187"}],"wp:attachment":[{"href":"https:\/\/mindtemp.com\/en\/wp-json\/wp\/v2\/media?parent=3495"}],"curies":[{"name":"wp","href":"https:\/\/api.w.org\/{rel}","templated":true}]}}