{"id":3509,"date":"2022-12-30T14:46:18","date_gmt":"2022-12-30T12:46:18","guid":{"rendered":"https:\/\/mindtemp.com\/blog\/"},"modified":"2023-09-11T13:11:57","modified_gmt":"2023-09-11T11:11:57","slug":"blog","status":"publish","type":"page","link":"https:\/\/mindtemp.com\/en\/blog\/","title":{"rendered":"Blog"},"content":{"rendered":"\t\t<div data-elementor-type=\"wp-page\" data-elementor-id=\"3509\" class=\"elementor elementor-3509 elementor-174\" data-elementor-post-type=\"page\">\n\t\t\t\t\t\t<section class=\"elementor-section elementor-top-section elementor-element elementor-element-f1e5a68 elementor-section-content-top elementor-reverse-mobile elementor-section-boxed elementor-section-height-default elementor-section-height-default\" data-id=\"f1e5a68\" data-element_type=\"section\" data-e-type=\"section\" data-settings=\"{&quot;background_background&quot;:&quot;classic&quot;}\">\n\t\t\t\t\t\t<div class=\"elementor-container elementor-column-gap-default\">\n\t\t\t\t\t<div class=\"elementor-column elementor-col-50 elementor-top-column elementor-element elementor-element-9158278 animated-slow elementor-invisible\" data-id=\"9158278\" data-element_type=\"column\" data-e-type=\"column\" data-settings=\"{&quot;animation&quot;:&quot;fadeInRight&quot;,&quot;animation_delay&quot;:100}\">\n\t\t\t<div class=\"elementor-widget-wrap elementor-element-populated\">\n\t\t\t\t\t\t<div class=\"elementor-element elementor-element-7a6b4e3 elementor-widget elementor-widget-image\" data-id=\"7a6b4e3\" data-element_type=\"widget\" data-e-type=\"widget\" data-widget_type=\"image.default\">\n\t\t\t\t<div class=\"elementor-widget-container\">\n\t\t\t\t\t\t\t\t\t\t\t\t\t\t\t<img fetchpriority=\"high\" decoding=\"async\" width=\"800\" height=\"800\" src=\"https:\/\/mindtemp.com\/wp-content\/uploads\/2023\/01\/bloggo-1024x1024.jpg\" class=\"attachment-large size-large wp-image-1361\" alt=\"\" srcset=\"https:\/\/mindtemp.com\/wp-content\/uploads\/2023\/01\/bloggo-1024x1024.jpg 1024w, https:\/\/mindtemp.com\/wp-content\/uploads\/2023\/01\/bloggo-300x300.jpg 300w, https:\/\/mindtemp.com\/wp-content\/uploads\/2023\/01\/bloggo-150x150.jpg 150w, https:\/\/mindtemp.com\/wp-content\/uploads\/2023\/01\/bloggo-768x768.jpg 768w, https:\/\/mindtemp.com\/wp-content\/uploads\/2023\/01\/bloggo.jpg 1163w\" sizes=\"(max-width: 800px) 100vw, 800px\" \/>\t\t\t\t\t\t\t\t\t\t\t\t\t\t\t<\/div>\n\t\t\t\t<\/div>\n\t\t\t\t\t<\/div>\n\t\t<\/div>\n\t\t\t\t<div class=\"elementor-column elementor-col-50 elementor-top-column elementor-element elementor-element-81e38ad\" data-id=\"81e38ad\" data-element_type=\"column\" data-e-type=\"column\">\n\t\t\t<div class=\"elementor-widget-wrap elementor-element-populated\">\n\t\t\t\t\t\t<div class=\"elementor-element elementor-element-84f6e0f elementor-widget elementor-widget-heading\" data-id=\"84f6e0f\" data-element_type=\"widget\" data-e-type=\"widget\" data-widget_type=\"heading.default\">\n\t\t\t\t<div class=\"elementor-widget-container\">\n\t\t\t\t\t<h1 class=\"elementor-heading-title elementor-size-default\">Blog<\/h1>\t\t\t\t<\/div>\n\t\t\t\t<\/div>\n\t\t\t\t<div class=\"elementor-element elementor-element-daa25bb elementor-widget-divider--view-line elementor-widget elementor-widget-divider\" data-id=\"daa25bb\" data-element_type=\"widget\" data-e-type=\"widget\" data-widget_type=\"divider.default\">\n\t\t\t\t<div class=\"elementor-widget-container\">\n\t\t\t\t\t\t\t<div class=\"elementor-divider\">\n\t\t\t<span class=\"elementor-divider-separator\">\n\t\t\t\t\t\t<\/span>\n\t\t<\/div>\n\t\t\t\t\t\t<\/div>\n\t\t\t\t<\/div>\n\t\t\t\t\t<\/div>\n\t\t<\/div>\n\t\t\t\t\t<\/div>\n\t\t<\/section>\n\t\t\t\t<section class=\"elementor-section elementor-top-section elementor-element elementor-element-a5a8975 elementor-section-full_width elementor-section-height-default elementor-section-height-default\" data-id=\"a5a8975\" data-element_type=\"section\" data-e-type=\"section\" data-settings=\"{&quot;background_background&quot;:&quot;classic&quot;}\">\n\t\t\t\t\t\t<div class=\"elementor-container elementor-column-gap-default\">\n\t\t\t\t\t<div class=\"elementor-column elementor-col-100 elementor-top-column elementor-element elementor-element-db9153c\" data-id=\"db9153c\" data-element_type=\"column\" data-e-type=\"column\">\n\t\t\t<div class=\"elementor-widget-wrap elementor-element-populated\">\n\t\t\t\t\t\t<section class=\"elementor-section elementor-inner-section elementor-element elementor-element-070502f elementor-reverse-mobile elementor-section-boxed elementor-section-height-default elementor-section-height-default\" data-id=\"070502f\" data-element_type=\"section\" data-e-type=\"section\">\n\t\t\t\t\t\t<div class=\"elementor-container elementor-column-gap-default\">\n\t\t\t\t\t<div class=\"elementor-column elementor-col-100 elementor-inner-column elementor-element elementor-element-0a17b3a elementor-invisible\" data-id=\"0a17b3a\" data-element_type=\"column\" data-e-type=\"column\" data-settings=\"{&quot;animation&quot;:&quot;slideInLeft&quot;}\">\n\t\t\t<div class=\"elementor-widget-wrap elementor-element-populated\">\n\t\t\t\t\t\t<div class=\"elementor-element elementor-element-c7d1a11 pp-dual-heading-inline elementor-widget elementor-widget-pp-dual-heading\" data-id=\"c7d1a11\" data-element_type=\"widget\" data-e-type=\"widget\" data-widget_type=\"pp-dual-heading.default\">\n\t\t\t\t<div class=\"elementor-widget-container\">\n\t\t\t\t\t<h2 class=\"pp-dual-heading\"><span class=\"pp-first-text\">Mindtemp&#8217;s <\/span><span class=\"pp-second-text\">Inspirational Blog<\/span><\/h2>\t\t\t\t<\/div>\n\t\t\t\t<\/div>\n\t\t\t\t\t<\/div>\n\t\t<\/div>\n\t\t\t\t\t<\/div>\n\t\t<\/section>\n\t\t\t\t<section class=\"elementor-section elementor-inner-section elementor-element elementor-element-217c27f elementor-reverse-mobile elementor-section-boxed elementor-section-height-default elementor-section-height-default\" data-id=\"217c27f\" data-element_type=\"section\" data-e-type=\"section\">\n\t\t\t\t\t\t<div class=\"elementor-container elementor-column-gap-default\">\n\t\t\t\t\t<div class=\"elementor-column elementor-col-50 elementor-inner-column elementor-element elementor-element-693c02d\" data-id=\"693c02d\" data-element_type=\"column\" data-e-type=\"column\">\n\t\t\t<div class=\"elementor-widget-wrap elementor-element-populated\">\n\t\t\t\t\t\t<div class=\"elementor-element elementor-element-ef56e3e elementor-widget elementor-widget-heading\" data-id=\"ef56e3e\" data-element_type=\"widget\" data-e-type=\"widget\" data-widget_type=\"heading.default\">\n\t\t\t\t<div class=\"elementor-widget-container\">\n\t\t\t\t\t<h2 class=\"elementor-heading-title elementor-size-default\">Suggestions:<\/h2>\t\t\t\t<\/div>\n\t\t\t\t<\/div>\n\t\t\t\t<div class=\"elementor-element elementor-element-1e1fac2 elementor-grid-2 elementor-grid-mobile-2 elementor-grid-tablet-2 elementor-widget elementor-widget-loop-grid\" data-id=\"1e1fac2\" data-element_type=\"widget\" data-e-type=\"widget\" data-settings=\"{&quot;template_id&quot;:3551,&quot;pagination_type&quot;:&quot;load_more_on_click&quot;,&quot;row_gap&quot;:{&quot;unit&quot;:&quot;px&quot;,&quot;size&quot;:40,&quot;sizes&quot;:[]},&quot;columns&quot;:2,&quot;columns_mobile&quot;:2,&quot;row_gap_mobile&quot;:{&quot;unit&quot;:&quot;px&quot;,&quot;size&quot;:20,&quot;sizes&quot;:[]},&quot;_skin&quot;:&quot;post&quot;,&quot;columns_tablet&quot;:&quot;2&quot;,&quot;edit_handle_selector&quot;:&quot;[data-elementor-type=\\&quot;loop-item\\&quot;]&quot;,&quot;load_more_spinner&quot;:{&quot;value&quot;:&quot;fas fa-spinner&quot;,&quot;library&quot;:&quot;fa-solid&quot;},&quot;row_gap_tablet&quot;:{&quot;unit&quot;:&quot;px&quot;,&quot;size&quot;:&quot;&quot;,&quot;sizes&quot;:[]}}\" data-widget_type=\"loop-grid.post\">\n\t\t\t\t<div class=\"elementor-widget-container\">\n\t\t\t\t\t\t\t<div class=\"e-loop-nothing-found-message\">\n\t\t<\/div>\n\t\t\t\t\t\t<\/div>\n\t\t\t\t<\/div>\n\t\t\t\t\t<\/div>\n\t\t<\/div>\n\t\t\t\t<div class=\"elementor-column elementor-col-50 elementor-inner-column elementor-element elementor-element-cc77860\" data-id=\"cc77860\" data-element_type=\"column\" data-e-type=\"column\">\n\t\t\t<div class=\"elementor-widget-wrap elementor-element-populated\">\n\t\t\t\t\t\t<div class=\"elementor-element elementor-element-a1befb6 elementor-search-form--button-type-text elementor-search-form--skin-classic elementor-widget elementor-widget-search-form\" data-id=\"a1befb6\" data-element_type=\"widget\" data-e-type=\"widget\" data-settings=\"{&quot;skin&quot;:&quot;classic&quot;}\" data-widget_type=\"search-form.default\">\n\t\t\t\t<div class=\"elementor-widget-container\">\n\t\t\t\t\t\t\t<search role=\"search\">\n\t\t\t<form class=\"elementor-search-form\" action=\"https:\/\/mindtemp.com\/en\/\" method=\"get\">\n\t\t\t\t\t\t\t\t\t\t\t\t<div class=\"elementor-search-form__container\">\n\t\t\t\t\t<label class=\"elementor-screen-only\" for=\"elementor-search-form-a1befb6\">Search<\/label>\n\n\t\t\t\t\t\n\t\t\t\t\t<input id=\"elementor-search-form-a1befb6\" placeholder=\"Search posts\" class=\"elementor-search-form__input\" type=\"search\" name=\"s\" value=\"\">\n\t\t\t\t\t<input type='hidden' name='lang' value='en' \/>\n\t\t\t\t\t\t\t\t\t\t\t<button class=\"elementor-search-form__submit\" type=\"submit\" aria-label=\"Search\">\n\t\t\t\t\t\t\t\t\t\t\t\t\t\t\t<i class=\"fa fa-search\"><\/i> S\u00f6k\t\t\t\t\t\t\t\t\t\t\t\t\t<\/button>\n\t\t\t\t\t\n\t\t\t\t\t\t\t\t\t<\/div>\n\t\t\t<\/form>\n\t\t<\/search>\n\t\t\t\t\t\t<\/div>\n\t\t\t\t<\/div>\n\t\t\t\t<div class=\"elementor-element elementor-element-98585de elementor-hidden-mobile elementor-widget elementor-widget-heading\" data-id=\"98585de\" data-element_type=\"widget\" data-e-type=\"widget\" data-widget_type=\"heading.default\">\n\t\t\t\t<div class=\"elementor-widget-container\">\n\t\t\t\t\t<h5 class=\"elementor-heading-title elementor-size-default\">Filters:<\/h5>\t\t\t\t<\/div>\n\t\t\t\t<\/div>\n\t\t\t\t<div class=\"elementor-element elementor-element-95717bd elementor-mobile-align-justify elementor-hidden-desktop elementor-hidden-tablet elementor-widget elementor-widget-button\" data-id=\"95717bd\" data-element_type=\"widget\" data-e-type=\"widget\" id=\"filter\" data-widget_type=\"button.default\">\n\t\t\t\t<div class=\"elementor-widget-container\">\n\t\t\t\t\t\t\t\t\t<div class=\"elementor-button-wrapper\">\n\t\t\t\t\t<a class=\"elementor-button elementor-button-link elementor-size-sm\" href=\"#\">\n\t\t\t\t\t\t<span class=\"elementor-button-content-wrapper\">\n\t\t\t\t\t\t<span class=\"elementor-button-icon\">\n\t\t\t\t<i aria-hidden=\"true\" class=\"fas fa-chevron-down\"><\/i>\t\t\t<\/span>\n\t\t\t\t\t\t\t\t\t<span class=\"elementor-button-text\">Filters:<\/span>\n\t\t\t\t\t<\/span>\n\t\t\t\t\t<\/a>\n\t\t\t\t<\/div>\n\t\t\t\t\t\t\t\t<\/div>\n\t\t\t\t<\/div>\n\t\t\t\t<div class=\"elementor-element elementor-element-5a12ecc pp-category-list-style-inline elementor-widget elementor-widget-pp-categories\" data-id=\"5a12ecc\" data-element_type=\"widget\" data-e-type=\"widget\" id=\"filtrera\" data-settings=\"{&quot;skin&quot;:&quot;list&quot;}\" data-widget_type=\"pp-categories.default\">\n\t\t\t\t<div class=\"elementor-widget-container\">\n\t\t\t\t\t\t\t\t\t\t\t<div class=\"pp-categories pp-categories-grid pp-categories-list\">\n\t\t\t\t\t<div >\n\t\t\t\t\t\t\t\t<div class=\"pp-category\" id=\"pp-cat-12\">\n\t\t\t<a href=\"https:\/\/mindtemp.com\/en\/category\/okategoriserad\/\" class=\"pp-category-link\">\n\t\t\t\t\t\t<div class=\"pp-category-inner\">\n\t\t\t<div class=\"pp-category-icon pp-icon\">\n\t\t\t\t\t\t\t<\/div>\n\t\t\t<div class=\"pp-category-content\">\n\t\t\t\t<div class=\"pp-category-title\">Okategoriserad<\/div>\t\t\t<\/div>\n\t\t<\/div>\n\t\t\t\t\t<\/a>\n\t\t<\/div>\n\t\t\t\t\t\t\t<\/div>\n\t\t\t\t\t\t\t\t\t<\/div>\n\t\t\t\t\t\t\t\t\t\t<\/div>\n\t\t\t\t<\/div>\n\t\t\t\t<div class=\"elementor-element elementor-element-328af74 elementor-widget elementor-widget-shortcode\" data-id=\"328af74\" data-element_type=\"widget\" data-e-type=\"widget\" data-widget_type=\"shortcode.default\">\n\t\t\t\t<div class=\"elementor-widget-container\">\n\t\t\t\t\t\t\t<div class=\"elementor-shortcode\">\t\t<div data-elementor-type=\"section\" data-elementor-id=\"3570\" class=\"elementor elementor-3570 elementor-2484\" data-elementor-post-type=\"elementor_library\">\n\t\t\t\t\t<section class=\"elementor-section elementor-inner-section elementor-element elementor-element-45af2e6e elementor-section-boxed elementor-section-height-default elementor-section-height-default\" data-id=\"45af2e6e\" data-element_type=\"section\" data-e-type=\"section\" data-settings=\"{&quot;background_background&quot;:&quot;classic&quot;}\">\n\t\t\t\t\t\t<div class=\"elementor-container elementor-column-gap-default\">\n\t\t\t\t\t<div class=\"elementor-column elementor-col-100 elementor-inner-column elementor-element elementor-element-e7b7946\" data-id=\"e7b7946\" data-element_type=\"column\" data-e-type=\"column\">\n\t\t\t<div class=\"elementor-widget-wrap elementor-element-populated\">\n\t\t\t\t\t\t<div class=\"elementor-element elementor-element-15b1e8cd elementor-widget elementor-widget-heading\" data-id=\"15b1e8cd\" data-element_type=\"widget\" data-e-type=\"widget\" data-widget_type=\"heading.default\">\n\t\t\t\t<div class=\"elementor-widget-container\">\n\t\t\t\t\t<h4 class=\"elementor-heading-title elementor-size-default\">Promote <span style=\"color:#F95E01\">psychological security<\/span>, <span style=\"color:#F95E01\">commitment<\/span> and <span style=\"color:#F95E01\">self-leadership<\/span> with Mindtemp's health solution<\/h4>\t\t\t\t<\/div>\n\t\t\t\t<\/div>\n\t\t\t\t<div class=\"elementor-element elementor-element-753b43af elementor-align-center elementor-widget elementor-widget-button\" data-id=\"753b43af\" data-element_type=\"widget\" data-e-type=\"widget\" data-widget_type=\"button.default\">\n\t\t\t\t<div class=\"elementor-widget-container\">\n\t\t\t\t\t\t\t\t\t<div class=\"elementor-button-wrapper\">\n\t\t\t\t\t<a class=\"elementor-button elementor-button-link elementor-size-sm\" href=\"https:\/\/mindtemp.com\/en\/company\/employee-survey\/\">\n\t\t\t\t\t\t<span class=\"elementor-button-content-wrapper\">\n\t\t\t\t\t\t\t\t\t<span class=\"elementor-button-text\">Read more<\/span>\n\t\t\t\t\t<\/span>\n\t\t\t\t\t<\/a>\n\t\t\t\t<\/div>\n\t\t\t\t\t\t\t\t<\/div>\n\t\t\t\t<\/div>\n\t\t\t\t\t<\/div>\n\t\t<\/div>\n\t\t\t\t\t<\/div>\n\t\t<\/section>\n\t\t\t\t<\/div>\n\t\t<\/div>\n\t\t\t\t\t\t<\/div>\n\t\t\t\t<\/div>\n\t\t\t\t\t<\/div>\n\t\t<\/div>\n\t\t\t\t\t<\/div>\n\t\t<\/section>\n\t\t\t\t\t<\/div>\n\t\t<\/div>\n\t\t\t\t\t<\/div>\n\t\t<\/section>\n\t\t\t\t<\/div>\n\t\t","protected":false},"excerpt":{"rendered":"<p>Blog Mindtemp&#8217;s Inspirational Blog Suggestions: Filters: Filters: ACT \/ CBT \/Kognitiv terapi AI Anding Biohacking Engagemang EQ &amp; Emotionell f\u00f6rm\u00e5ga Mental h\u00e4lsa &amp; V\u00e4lbefinnande Mindset &amp; Attityd Mindtemp news Personlighet Produktivitet &amp; Effektivitet Psykologisk trygghet Reduced cost S\u00f6mn &amp; \u00c5terh\u00e4mtning Stress<\/p>\n","protected":false},"author":1,"featured_media":3188,"parent":0,"menu_order":0,"comment_status":"closed","ping_status":"closed","template":"","meta":{"_acf_changed":false,"content-type":"","footnotes":""},"class_list":["post-3509","page","type-page","status-publish","has-post-thumbnail","hentry"],"acf":[],"yoast_head":"<!-- This site is optimized with the Yoast SEO plugin v27.3 - https:\/\/yoast.com\/product\/yoast-seo-wordpress\/ -->\n<title>Blog | Mindtemp<\/title>\n<meta name=\"description\" content=\"Mindtemp&#039;s blog contains posts about technology, tips and advice, as well as in-depth explorations within relevant areas of corporate development.\" \/>\n<meta name=\"robots\" content=\"index, follow, max-snippet:-1, max-image-preview:large, max-video-preview:-1\" \/>\n<link rel=\"canonical\" href=\"https:\/\/mindtemp.com\/en\/blog\/\" \/>\n<meta property=\"og:locale\" content=\"en_US\" \/>\n<meta property=\"og:type\" content=\"article\" \/>\n<meta property=\"og:title\" content=\"Blog | Mindtemp\" \/>\n<meta property=\"og:description\" content=\"Mindtemp&#039;s blog contains posts about technology, tips and advice, as well as in-depth explorations within relevant areas of corporate development.\" \/>\n<meta property=\"og:url\" content=\"https:\/\/mindtemp.com\/en\/blog\/\" \/>\n<meta property=\"og:site_name\" content=\"Mindtemp\" \/>\n<meta property=\"article:modified_time\" content=\"2023-09-11T11:11:57+00:00\" \/>\n<meta property=\"og:image\" content=\"https:\/\/mindtemp.com\/wp-content\/uploads\/2023\/01\/bloggo.jpg\" \/>\n\t<meta property=\"og:image:width\" content=\"1163\" \/>\n\t<meta property=\"og:image:height\" content=\"1163\" \/>\n\t<meta property=\"og:image:type\" content=\"image\/jpeg\" \/>\n<meta name=\"twitter:card\" content=\"summary_large_image\" \/>\n<meta name=\"twitter:label1\" content=\"Est. reading time\" \/>\n\t<meta name=\"twitter:data1\" content=\"1 minute\" \/>\n<script type=\"application\/ld+json\" class=\"yoast-schema-graph\">{\"@context\":\"https:\\\/\\\/schema.org\",\"@graph\":[{\"@type\":\"WebPage\",\"@id\":\"https:\\\/\\\/mindtemp.com\\\/en\\\/blog\\\/\",\"url\":\"https:\\\/\\\/mindtemp.com\\\/en\\\/blog\\\/\",\"name\":\"Blog | Mindtemp\",\"isPartOf\":{\"@id\":\"https:\\\/\\\/mindtemp.com\\\/en\\\/#website\"},\"primaryImageOfPage\":{\"@id\":\"https:\\\/\\\/mindtemp.com\\\/en\\\/blog\\\/#primaryimage\"},\"image\":{\"@id\":\"https:\\\/\\\/mindtemp.com\\\/en\\\/blog\\\/#primaryimage\"},\"thumbnailUrl\":\"https:\\\/\\\/mindtemp.com\\\/wp-content\\\/uploads\\\/2023\\\/01\\\/bloggo.jpg\",\"datePublished\":\"2022-12-30T12:46:18+00:00\",\"dateModified\":\"2023-09-11T11:11:57+00:00\",\"description\":\"Mindtemp's blog contains posts about technology, tips and advice, as well as in-depth explorations within relevant areas of corporate development.\",\"breadcrumb\":{\"@id\":\"https:\\\/\\\/mindtemp.com\\\/en\\\/blog\\\/#breadcrumb\"},\"inLanguage\":\"en-US\",\"potentialAction\":[{\"@type\":\"ReadAction\",\"target\":[\"https:\\\/\\\/mindtemp.com\\\/en\\\/blog\\\/\"]}]},{\"@type\":\"ImageObject\",\"inLanguage\":\"en-US\",\"@id\":\"https:\\\/\\\/mindtemp.com\\\/en\\\/blog\\\/#primaryimage\",\"url\":\"https:\\\/\\\/mindtemp.com\\\/wp-content\\\/uploads\\\/2023\\\/01\\\/bloggo.jpg\",\"contentUrl\":\"https:\\\/\\\/mindtemp.com\\\/wp-content\\\/uploads\\\/2023\\\/01\\\/bloggo.jpg\",\"width\":1163,\"height\":1163},{\"@type\":\"BreadcrumbList\",\"@id\":\"https:\\\/\\\/mindtemp.com\\\/en\\\/blog\\\/#breadcrumb\",\"itemListElement\":[{\"@type\":\"ListItem\",\"position\":1,\"name\":\"Home\",\"item\":\"https:\\\/\\\/mindtemp.com\\\/en\\\/\"},{\"@type\":\"ListItem\",\"position\":2,\"name\":\"Blog\"}]},{\"@type\":\"WebSite\",\"@id\":\"https:\\\/\\\/mindtemp.com\\\/en\\\/#website\",\"url\":\"https:\\\/\\\/mindtemp.com\\\/en\\\/\",\"name\":\"Mindtemp\",\"description\":\"Mindtemp is a digital coach, creating health and productivity\",\"publisher\":{\"@id\":\"https:\\\/\\\/mindtemp.com\\\/en\\\/#organization\"},\"potentialAction\":[{\"@type\":\"SearchAction\",\"target\":{\"@type\":\"EntryPoint\",\"urlTemplate\":\"https:\\\/\\\/mindtemp.com\\\/en\\\/?s={search_term_string}\"},\"query-input\":{\"@type\":\"PropertyValueSpecification\",\"valueRequired\":true,\"valueName\":\"search_term_string\"}}],\"inLanguage\":\"en-US\"},{\"@type\":\"Organization\",\"@id\":\"https:\\\/\\\/mindtemp.com\\\/en\\\/#organization\",\"name\":\"Mindtemp\",\"url\":\"https:\\\/\\\/mindtemp.com\\\/en\\\/\",\"logo\":{\"@type\":\"ImageObject\",\"inLanguage\":\"en-US\",\"@id\":\"https:\\\/\\\/mindtemp.com\\\/en\\\/#\\\/schema\\\/logo\\\/image\\\/\",\"url\":\"https:\\\/\\\/mindtemp.com\\\/wp-content\\\/uploads\\\/2022\\\/12\\\/Mindtemp.svg\",\"contentUrl\":\"https:\\\/\\\/mindtemp.com\\\/wp-content\\\/uploads\\\/2022\\\/12\\\/Mindtemp.svg\",\"width\":100,\"height\":100,\"caption\":\"Mindtemp\"},\"image\":{\"@id\":\"https:\\\/\\\/mindtemp.com\\\/en\\\/#\\\/schema\\\/logo\\\/image\\\/\"}}]}<\/script>\n<!-- \/ Yoast SEO plugin. -->","yoast_head_json":{"title":"Blog | Mindtemp","description":"Mindtemp's blog contains posts about technology, tips and advice, as well as in-depth explorations within relevant areas of corporate development.","robots":{"index":"index","follow":"follow","max-snippet":"max-snippet:-1","max-image-preview":"max-image-preview:large","max-video-preview":"max-video-preview:-1"},"canonical":"https:\/\/mindtemp.com\/en\/blog\/","og_locale":"en_US","og_type":"article","og_title":"Blog | Mindtemp","og_description":"Mindtemp's blog contains posts about technology, tips and advice, as well as in-depth explorations within relevant areas of corporate development.","og_url":"https:\/\/mindtemp.com\/en\/blog\/","og_site_name":"Mindtemp","article_modified_time":"2023-09-11T11:11:57+00:00","og_image":[{"width":1163,"height":1163,"url":"https:\/\/mindtemp.com\/wp-content\/uploads\/2023\/01\/bloggo.jpg","type":"image\/jpeg"}],"twitter_card":"summary_large_image","twitter_misc":{"Est. reading time":"1 minute"},"schema":{"@context":"https:\/\/schema.org","@graph":[{"@type":"WebPage","@id":"https:\/\/mindtemp.com\/en\/blog\/","url":"https:\/\/mindtemp.com\/en\/blog\/","name":"Blog | Mindtemp","isPartOf":{"@id":"https:\/\/mindtemp.com\/en\/#website"},"primaryImageOfPage":{"@id":"https:\/\/mindtemp.com\/en\/blog\/#primaryimage"},"image":{"@id":"https:\/\/mindtemp.com\/en\/blog\/#primaryimage"},"thumbnailUrl":"https:\/\/mindtemp.com\/wp-content\/uploads\/2023\/01\/bloggo.jpg","datePublished":"2022-12-30T12:46:18+00:00","dateModified":"2023-09-11T11:11:57+00:00","description":"Mindtemp's blog contains posts about technology, tips and advice, as well as in-depth explorations within relevant areas of corporate development.","breadcrumb":{"@id":"https:\/\/mindtemp.com\/en\/blog\/#breadcrumb"},"inLanguage":"en-US","potentialAction":[{"@type":"ReadAction","target":["https:\/\/mindtemp.com\/en\/blog\/"]}]},{"@type":"ImageObject","inLanguage":"en-US","@id":"https:\/\/mindtemp.com\/en\/blog\/#primaryimage","url":"https:\/\/mindtemp.com\/wp-content\/uploads\/2023\/01\/bloggo.jpg","contentUrl":"https:\/\/mindtemp.com\/wp-content\/uploads\/2023\/01\/bloggo.jpg","width":1163,"height":1163},{"@type":"BreadcrumbList","@id":"https:\/\/mindtemp.com\/en\/blog\/#breadcrumb","itemListElement":[{"@type":"ListItem","position":1,"name":"Home","item":"https:\/\/mindtemp.com\/en\/"},{"@type":"ListItem","position":2,"name":"Blog"}]},{"@type":"WebSite","@id":"https:\/\/mindtemp.com\/en\/#website","url":"https:\/\/mindtemp.com\/en\/","name":"Mindtemp","description":"Mindtemp is a digital coach, creating health and productivity","publisher":{"@id":"https:\/\/mindtemp.com\/en\/#organization"},"potentialAction":[{"@type":"SearchAction","target":{"@type":"EntryPoint","urlTemplate":"https:\/\/mindtemp.com\/en\/?s={search_term_string}"},"query-input":{"@type":"PropertyValueSpecification","valueRequired":true,"valueName":"search_term_string"}}],"inLanguage":"en-US"},{"@type":"Organization","@id":"https:\/\/mindtemp.com\/en\/#organization","name":"Mindtemp","url":"https:\/\/mindtemp.com\/en\/","logo":{"@type":"ImageObject","inLanguage":"en-US","@id":"https:\/\/mindtemp.com\/en\/#\/schema\/logo\/image\/","url":"https:\/\/mindtemp.com\/wp-content\/uploads\/2022\/12\/Mindtemp.svg","contentUrl":"https:\/\/mindtemp.com\/wp-content\/uploads\/2022\/12\/Mindtemp.svg","width":100,"height":100,"caption":"Mindtemp"},"image":{"@id":"https:\/\/mindtemp.com\/en\/#\/schema\/logo\/image\/"}}]}},"_links":{"self":[{"href":"https:\/\/mindtemp.com\/en\/wp-json\/wp\/v2\/pages\/3509","targetHints":{"allow":["GET"]}}],"collection":[{"href":"https:\/\/mindtemp.com\/en\/wp-json\/wp\/v2\/pages"}],"about":[{"href":"https:\/\/mindtemp.com\/en\/wp-json\/wp\/v2\/types\/page"}],"author":[{"embeddable":true,"href":"https:\/\/mindtemp.com\/en\/wp-json\/wp\/v2\/users\/1"}],"replies":[{"embeddable":true,"href":"https:\/\/mindtemp.com\/en\/wp-json\/wp\/v2\/comments?post=3509"}],"version-history":[{"count":12,"href":"https:\/\/mindtemp.com\/en\/wp-json\/wp\/v2\/pages\/3509\/revisions"}],"predecessor-version":[{"id":4251,"href":"https:\/\/mindtemp.com\/en\/wp-json\/wp\/v2\/pages\/3509\/revisions\/4251"}],"wp:featuredmedia":[{"embeddable":true,"href":"https:\/\/mindtemp.com\/en\/wp-json\/wp\/v2\/media\/3188"}],"wp:attachment":[{"href":"https:\/\/mindtemp.com\/en\/wp-json\/wp\/v2\/media?parent=3509"}],"curies":[{"name":"wp","href":"https:\/\/api.w.org\/{rel}","templated":true}]}}