{"id":3523,"date":"2023-01-11T21:04:53","date_gmt":"2023-01-11T19:04:53","guid":{"rendered":"https:\/\/mindtemp.com\/welcome\/"},"modified":"2024-03-11T15:50:54","modified_gmt":"2024-03-11T13:50:54","slug":"welcome","status":"publish","type":"page","link":"https:\/\/mindtemp.com\/en\/","title":{"rendered":"Welcome"},"content":{"rendered":"\t\t<div data-elementor-type=\"wp-page\" data-elementor-id=\"3523\" class=\"elementor elementor-3523 elementor-406\" data-elementor-post-type=\"page\">\n\t\t\t\t\t\t<section class=\"elementor-section elementor-top-section elementor-element elementor-element-cf54fc6 elementor-section-height-min-height elementor-section-boxed elementor-section-height-default elementor-section-items-middle\" data-id=\"cf54fc6\" data-element_type=\"section\" data-e-type=\"section\" data-settings=\"{&quot;background_background&quot;:&quot;classic&quot;}\">\n\t\t\t\t\t\t<div class=\"elementor-container elementor-column-gap-default\">\n\t\t\t\t\t<div class=\"elementor-column elementor-col-50 elementor-top-column elementor-element elementor-element-4c272e7 animated-slow elementor-invisible\" data-id=\"4c272e7\" data-element_type=\"column\" data-e-type=\"column\" data-settings=\"{&quot;animation&quot;:&quot;fadeIn&quot;,&quot;animation_delay&quot;:100}\">\n\t\t\t<div class=\"elementor-widget-wrap elementor-element-populated\">\n\t\t\t\t\t\t<div class=\"elementor-element elementor-element-a573c55 elementor-widget elementor-widget-heading\" data-id=\"a573c55\" data-element_type=\"widget\" data-e-type=\"widget\" data-widget_type=\"heading.default\">\n\t\t\t\t<div class=\"elementor-widget-container\">\n\t\t\t\t\t<h1 class=\"elementor-heading-title elementor-size-default\">Welcome to<\/h1>\t\t\t\t<\/div>\n\t\t\t\t<\/div>\n\t\t\t\t<div class=\"elementor-element elementor-element-f6c951b elementor-widget elementor-widget-image\" data-id=\"f6c951b\" data-element_type=\"widget\" data-e-type=\"widget\" data-widget_type=\"image.default\">\n\t\t\t\t<div class=\"elementor-widget-container\">\n\t\t\t\t\t\t\t\t\t\t\t\t\t\t\t<img decoding=\"async\" width=\"100\" height=\"100\" src=\"https:\/\/mindtemp.com\/wp-content\/uploads\/2022\/12\/Mindtemp.svg\" class=\"attachment-large size-large wp-image-1321\" alt=\"Mindtemps kunder f\u00e5r, f\u00f6rutom f\u00f6rebyggande stresshantering, st\u00f6d f\u00f6r kontinuerligt f\u00f6rb\u00e4ttringsarbete, vilket leder till \u00f6kad kvalitet och h\u00e5llbarhet.\" \/>\t\t\t\t\t\t\t\t\t\t\t\t\t\t\t<\/div>\n\t\t\t\t<\/div>\n\t\t\t\t<div class=\"elementor-element elementor-element-1908c4b elementor-widget elementor-widget-heading\" data-id=\"1908c4b\" data-element_type=\"widget\" data-e-type=\"widget\" data-widget_type=\"heading.default\">\n\t\t\t\t<div class=\"elementor-widget-container\">\n\t\t\t\t\t<h2 class=\"elementor-heading-title elementor-size-default\">Mindtemp<\/h2>\t\t\t\t<\/div>\n\t\t\t\t<\/div>\n\t\t\t\t<div class=\"elementor-element elementor-element-3429ba0 elementor-widget__width-auto elementor-widget elementor-widget-wpml-language-switcher\" data-id=\"3429ba0\" data-element_type=\"widget\" data-e-type=\"widget\" data-widget_type=\"wpml-language-switcher.default\">\n\t\t\t\t<div class=\"elementor-widget-container\">\n\t\t\t\t\t<div class=\"wpml-elementor-ls\">\n<div class=\"wpml-ls-statics-shortcode_actions wpml-ls wpml-ls-legacy-list-horizontal\">\n\t<ul><li class=\"wpml-ls-slot-shortcode_actions wpml-ls-item wpml-ls-item-en wpml-ls-current-language wpml-ls-first-item wpml-ls-item-legacy-list-horizontal\">\n\t\t\t\t<a href=\"https:\/\/mindtemp.com\/en\/\" class=\"wpml-ls-link\">\n                                                        <img decoding=\"async\"\n            class=\"wpml-ls-flag\"\n            src=\"https:\/\/mindtemp.com\/wp-content\/plugins\/sitepress-multilingual-cms\/res\/flags\/en.svg\"\n            alt=\"English\"\n            width=18\n            height=12\n    \/><\/a>\n\t\t\t<\/li><li class=\"wpml-ls-slot-shortcode_actions wpml-ls-item wpml-ls-item-sv wpml-ls-last-item wpml-ls-item-legacy-list-horizontal\">\n\t\t\t\t<a href=\"https:\/\/mindtemp.com\/\" class=\"wpml-ls-link\">\n                                                        <img decoding=\"async\"\n            class=\"wpml-ls-flag\"\n            src=\"https:\/\/mindtemp.com\/wp-content\/plugins\/sitepress-multilingual-cms\/res\/flags\/sv.svg\"\n            alt=\"Swedish\"\n            width=18\n            height=12\n    \/><\/a>\n\t\t\t<\/li><\/ul>\n<\/div>\n<\/div>\t\t\t\t<\/div>\n\t\t\t\t<\/div>\n\t\t\t\t<div class=\"elementor-element elementor-element-c044403 elementor-widget elementor-widget-heading\" data-id=\"c044403\" data-element_type=\"widget\" data-e-type=\"widget\" data-widget_type=\"heading.default\">\n\t\t\t\t<div class=\"elementor-widget-container\">\n\t\t\t\t\t<h4 class=\"elementor-heading-title elementor-size-default\">Choose between private or business<\/h4>\t\t\t\t<\/div>\n\t\t\t\t<\/div>\n\t\t\t\t<div class=\"elementor-element elementor-element-b4012a3 elementor-align-center elementor-widget elementor-widget-button\" data-id=\"b4012a3\" data-element_type=\"widget\" data-e-type=\"widget\" data-widget_type=\"button.default\">\n\t\t\t\t<div class=\"elementor-widget-container\">\n\t\t\t\t\t\t\t\t\t<div class=\"elementor-button-wrapper\">\n\t\t\t\t\t<a class=\"elementor-button elementor-button-link elementor-size-sm\" href=\"https:\/\/mindtemp.com\/en\/private\/\">\n\t\t\t\t\t\t<span class=\"elementor-button-content-wrapper\">\n\t\t\t\t\t\t\t\t\t<span class=\"elementor-button-text\">Private<\/span>\n\t\t\t\t\t<\/span>\n\t\t\t\t\t<\/a>\n\t\t\t\t<\/div>\n\t\t\t\t\t\t\t\t<\/div>\n\t\t\t\t<\/div>\n\t\t\t\t<div class=\"elementor-element elementor-element-7e42b45 elementor-align-center elementor-widget elementor-widget-button\" data-id=\"7e42b45\" data-element_type=\"widget\" data-e-type=\"widget\" data-widget_type=\"button.default\">\n\t\t\t\t<div class=\"elementor-widget-container\">\n\t\t\t\t\t\t\t\t\t<div class=\"elementor-button-wrapper\">\n\t\t\t\t\t<a class=\"elementor-button elementor-button-link elementor-size-sm\" href=\"https:\/\/mindtemp.com\/en\/company\/\">\n\t\t\t\t\t\t<span class=\"elementor-button-content-wrapper\">\n\t\t\t\t\t\t\t\t\t<span class=\"elementor-button-text\">Company<\/span>\n\t\t\t\t\t<\/span>\n\t\t\t\t\t<\/a>\n\t\t\t\t<\/div>\n\t\t\t\t\t\t\t\t<\/div>\n\t\t\t\t<\/div>\n\t\t\t\t\t<\/div>\n\t\t<\/div>\n\t\t\t\t<div class=\"elementor-column elementor-col-50 elementor-top-column elementor-element elementor-element-40f4998 elementor-hidden-mobile\" data-id=\"40f4998\" data-element_type=\"column\" data-e-type=\"column\">\n\t\t\t<div class=\"elementor-widget-wrap\">\n\t\t\t\t\t\t\t<\/div>\n\t\t<\/div>\n\t\t\t\t\t<\/div>\n\t\t<\/section>\n\t\t\t\t<\/div>\n\t\t","protected":false},"excerpt":{"rendered":"<p>Welcome to Mindtemp Choose between private or business Private Company<\/p>\n","protected":false},"author":1,"featured_media":3184,"parent":0,"menu_order":0,"comment_status":"closed","ping_status":"closed","template":"","meta":{"_acf_changed":false,"content-type":"","footnotes":""},"class_list":["post-3523","page","type-page","status-publish","has-post-thumbnail","hentry"],"acf":[],"yoast_head":"<!-- This site is optimized with the Yoast SEO plugin v27.4 - https:\/\/yoast.com\/product\/yoast-seo-wordpress\/ -->\n<title>Welcome | Mindtemp<\/title>\n<meta name=\"description\" content=\"Welcome both individuals and businesses! Mindtemp has developed a digital coach that supports psychological safety.\" \/>\n<meta name=\"robots\" content=\"index, follow, max-snippet:-1, max-image-preview:large, max-video-preview:-1\" \/>\n<link rel=\"canonical\" href=\"https:\/\/mindtemp.com\/en\/\" \/>\n<meta property=\"og:locale\" content=\"en_US\" \/>\n<meta property=\"og:type\" content=\"article\" \/>\n<meta property=\"og:title\" content=\"Welcome | Mindtemp\" \/>\n<meta property=\"og:description\" content=\"Welcome both individuals and businesses! Mindtemp has developed a digital coach that supports psychological safety.\" \/>\n<meta property=\"og:url\" content=\"https:\/\/mindtemp.com\/en\/\" \/>\n<meta property=\"og:site_name\" content=\"Mindtemp\" \/>\n<meta property=\"article:modified_time\" content=\"2024-03-11T13:50:54+00:00\" \/>\n<meta property=\"og:image\" content=\"https:\/\/mindtemp.com\/wp-content\/uploads\/2023\/01\/welcome-tab.jpg\" \/>\n\t<meta property=\"og:image:width\" content=\"1386\" \/>\n\t<meta property=\"og:image:height\" content=\"1440\" \/>\n\t<meta property=\"og:image:type\" content=\"image\/jpeg\" \/>\n<meta name=\"twitter:card\" content=\"summary_large_image\" \/>\n<meta name=\"twitter:label1\" content=\"Est. reading time\" \/>\n\t<meta name=\"twitter:data1\" content=\"1 minute\" \/>\n<script type=\"application\/ld+json\" class=\"yoast-schema-graph\">{\"@context\":\"https:\\\/\\\/schema.org\",\"@graph\":[{\"@type\":\"WebPage\",\"@id\":\"https:\\\/\\\/mindtemp.com\\\/en\\\/\",\"url\":\"https:\\\/\\\/mindtemp.com\\\/en\\\/\",\"name\":\"Welcome | Mindtemp\",\"isPartOf\":{\"@id\":\"https:\\\/\\\/mindtemp.com\\\/en\\\/#website\"},\"primaryImageOfPage\":{\"@id\":\"https:\\\/\\\/mindtemp.com\\\/en\\\/#primaryimage\"},\"image\":{\"@id\":\"https:\\\/\\\/mindtemp.com\\\/en\\\/#primaryimage\"},\"thumbnailUrl\":\"https:\\\/\\\/mindtemp.com\\\/wp-content\\\/uploads\\\/2023\\\/01\\\/welcome-tab.jpg\",\"datePublished\":\"2023-01-11T19:04:53+00:00\",\"dateModified\":\"2024-03-11T13:50:54+00:00\",\"description\":\"Welcome both individuals and businesses! Mindtemp has developed a digital coach that supports psychological safety.\",\"breadcrumb\":{\"@id\":\"https:\\\/\\\/mindtemp.com\\\/en\\\/#breadcrumb\"},\"inLanguage\":\"en-US\",\"potentialAction\":[{\"@type\":\"ReadAction\",\"target\":[\"https:\\\/\\\/mindtemp.com\\\/en\\\/\"]}]},{\"@type\":\"ImageObject\",\"inLanguage\":\"en-US\",\"@id\":\"https:\\\/\\\/mindtemp.com\\\/en\\\/#primaryimage\",\"url\":\"https:\\\/\\\/mindtemp.com\\\/wp-content\\\/uploads\\\/2023\\\/01\\\/welcome-tab.jpg\",\"contentUrl\":\"https:\\\/\\\/mindtemp.com\\\/wp-content\\\/uploads\\\/2023\\\/01\\\/welcome-tab.jpg\",\"width\":1386,\"height\":1440},{\"@type\":\"BreadcrumbList\",\"@id\":\"https:\\\/\\\/mindtemp.com\\\/en\\\/#breadcrumb\",\"itemListElement\":[{\"@type\":\"ListItem\",\"position\":1,\"name\":\"Home\",\"item\":\"https:\\\/\\\/mindtemp.com\\\/en\\\/\"},{\"@type\":\"ListItem\",\"position\":2,\"name\":\"Welcome\"}]},{\"@type\":\"WebSite\",\"@id\":\"https:\\\/\\\/mindtemp.com\\\/en\\\/#website\",\"url\":\"https:\\\/\\\/mindtemp.com\\\/en\\\/\",\"name\":\"Mindtemp\",\"description\":\"Mindtemp is a digital coach, creating health and productivity\",\"publisher\":{\"@id\":\"https:\\\/\\\/mindtemp.com\\\/en\\\/#organization\"},\"potentialAction\":[{\"@type\":\"SearchAction\",\"target\":{\"@type\":\"EntryPoint\",\"urlTemplate\":\"https:\\\/\\\/mindtemp.com\\\/en\\\/?s={search_term_string}\"},\"query-input\":{\"@type\":\"PropertyValueSpecification\",\"valueRequired\":true,\"valueName\":\"search_term_string\"}}],\"inLanguage\":\"en-US\"},{\"@type\":\"Organization\",\"@id\":\"https:\\\/\\\/mindtemp.com\\\/en\\\/#organization\",\"name\":\"Mindtemp\",\"url\":\"https:\\\/\\\/mindtemp.com\\\/en\\\/\",\"logo\":{\"@type\":\"ImageObject\",\"inLanguage\":\"en-US\",\"@id\":\"https:\\\/\\\/mindtemp.com\\\/en\\\/#\\\/schema\\\/logo\\\/image\\\/\",\"url\":\"https:\\\/\\\/mindtemp.com\\\/wp-content\\\/uploads\\\/2022\\\/12\\\/Mindtemp.svg\",\"contentUrl\":\"https:\\\/\\\/mindtemp.com\\\/wp-content\\\/uploads\\\/2022\\\/12\\\/Mindtemp.svg\",\"width\":100,\"height\":100,\"caption\":\"Mindtemp\"},\"image\":{\"@id\":\"https:\\\/\\\/mindtemp.com\\\/en\\\/#\\\/schema\\\/logo\\\/image\\\/\"}}]}<\/script>\n<!-- \/ Yoast SEO plugin. -->","yoast_head_json":{"title":"Welcome | Mindtemp","description":"Welcome both individuals and businesses! Mindtemp has developed a digital coach that supports psychological safety.","robots":{"index":"index","follow":"follow","max-snippet":"max-snippet:-1","max-image-preview":"max-image-preview:large","max-video-preview":"max-video-preview:-1"},"canonical":"https:\/\/mindtemp.com\/en\/","og_locale":"en_US","og_type":"article","og_title":"Welcome | Mindtemp","og_description":"Welcome both individuals and businesses! Mindtemp has developed a digital coach that supports psychological safety.","og_url":"https:\/\/mindtemp.com\/en\/","og_site_name":"Mindtemp","article_modified_time":"2024-03-11T13:50:54+00:00","og_image":[{"width":1386,"height":1440,"url":"https:\/\/mindtemp.com\/wp-content\/uploads\/2023\/01\/welcome-tab.jpg","type":"image\/jpeg"}],"twitter_card":"summary_large_image","twitter_misc":{"Est. reading time":"1 minute"},"schema":{"@context":"https:\/\/schema.org","@graph":[{"@type":"WebPage","@id":"https:\/\/mindtemp.com\/en\/","url":"https:\/\/mindtemp.com\/en\/","name":"Welcome | Mindtemp","isPartOf":{"@id":"https:\/\/mindtemp.com\/en\/#website"},"primaryImageOfPage":{"@id":"https:\/\/mindtemp.com\/en\/#primaryimage"},"image":{"@id":"https:\/\/mindtemp.com\/en\/#primaryimage"},"thumbnailUrl":"https:\/\/mindtemp.com\/wp-content\/uploads\/2023\/01\/welcome-tab.jpg","datePublished":"2023-01-11T19:04:53+00:00","dateModified":"2024-03-11T13:50:54+00:00","description":"Welcome both individuals and businesses! Mindtemp has developed a digital coach that supports psychological safety.","breadcrumb":{"@id":"https:\/\/mindtemp.com\/en\/#breadcrumb"},"inLanguage":"en-US","potentialAction":[{"@type":"ReadAction","target":["https:\/\/mindtemp.com\/en\/"]}]},{"@type":"ImageObject","inLanguage":"en-US","@id":"https:\/\/mindtemp.com\/en\/#primaryimage","url":"https:\/\/mindtemp.com\/wp-content\/uploads\/2023\/01\/welcome-tab.jpg","contentUrl":"https:\/\/mindtemp.com\/wp-content\/uploads\/2023\/01\/welcome-tab.jpg","width":1386,"height":1440},{"@type":"BreadcrumbList","@id":"https:\/\/mindtemp.com\/en\/#breadcrumb","itemListElement":[{"@type":"ListItem","position":1,"name":"Home","item":"https:\/\/mindtemp.com\/en\/"},{"@type":"ListItem","position":2,"name":"Welcome"}]},{"@type":"WebSite","@id":"https:\/\/mindtemp.com\/en\/#website","url":"https:\/\/mindtemp.com\/en\/","name":"Mindtemp","description":"Mindtemp is a digital coach, creating health and productivity","publisher":{"@id":"https:\/\/mindtemp.com\/en\/#organization"},"potentialAction":[{"@type":"SearchAction","target":{"@type":"EntryPoint","urlTemplate":"https:\/\/mindtemp.com\/en\/?s={search_term_string}"},"query-input":{"@type":"PropertyValueSpecification","valueRequired":true,"valueName":"search_term_string"}}],"inLanguage":"en-US"},{"@type":"Organization","@id":"https:\/\/mindtemp.com\/en\/#organization","name":"Mindtemp","url":"https:\/\/mindtemp.com\/en\/","logo":{"@type":"ImageObject","inLanguage":"en-US","@id":"https:\/\/mindtemp.com\/en\/#\/schema\/logo\/image\/","url":"https:\/\/mindtemp.com\/wp-content\/uploads\/2022\/12\/Mindtemp.svg","contentUrl":"https:\/\/mindtemp.com\/wp-content\/uploads\/2022\/12\/Mindtemp.svg","width":100,"height":100,"caption":"Mindtemp"},"image":{"@id":"https:\/\/mindtemp.com\/en\/#\/schema\/logo\/image\/"}}]}},"_links":{"self":[{"href":"https:\/\/mindtemp.com\/en\/wp-json\/wp\/v2\/pages\/3523","targetHints":{"allow":["GET"]}}],"collection":[{"href":"https:\/\/mindtemp.com\/en\/wp-json\/wp\/v2\/pages"}],"about":[{"href":"https:\/\/mindtemp.com\/en\/wp-json\/wp\/v2\/types\/page"}],"author":[{"embeddable":true,"href":"https:\/\/mindtemp.com\/en\/wp-json\/wp\/v2\/users\/1"}],"replies":[{"embeddable":true,"href":"https:\/\/mindtemp.com\/en\/wp-json\/wp\/v2\/comments?post=3523"}],"version-history":[{"count":17,"href":"https:\/\/mindtemp.com\/en\/wp-json\/wp\/v2\/pages\/3523\/revisions"}],"predecessor-version":[{"id":5985,"href":"https:\/\/mindtemp.com\/en\/wp-json\/wp\/v2\/pages\/3523\/revisions\/5985"}],"wp:featuredmedia":[{"embeddable":true,"href":"https:\/\/mindtemp.com\/en\/wp-json\/wp\/v2\/media\/3184"}],"wp:attachment":[{"href":"https:\/\/mindtemp.com\/en\/wp-json\/wp\/v2\/media?parent=3523"}],"curies":[{"name":"wp","href":"https:\/\/api.w.org\/{rel}","templated":true}]}}